{"id":308133,"date":"2025-12-03T13:26:31","date_gmt":"2025-12-03T13:26:31","guid":{"rendered":"https:\/\/anix-shop.com\/?post_type=product&#038;p=308133"},"modified":"2026-01-27T14:54:26","modified_gmt":"2026-01-27T14:54:26","slug":"fullmetal-alchemist-advent-calendar","status":"publish","type":"product","link":"https:\/\/anix-shop.com\/en\/product\/fullmetal-alchemist-advent-calendar\/","title":{"rendered":"Fullmetal Alchemist Advent Calendar"},"content":{"rendered":"<p>Fullmetal Alchemist is one of the most beloved and influential anime series of all time. It tells the story of brothers Edward and Alphonse Elric, who use alchemy in a desperate attempt to bring their mother back to life. The forbidden ritual fails, costing Edward an arm and a leg, and trapping Alphonse\u2019s soul inside a suit of armor.<br \/>\nDetermined to restore their bodies, the brothers embark on a journey to find the legendary Philosopher\u2019s Stone. The series blends action, mystery, emotional depth, and philosophical themes, making it a timeless classic adored by fans around the world.<\/p>\n","protected":false},"excerpt":{"rendered":"<p data-end=\"1329\" data-start=\"1123\">Veeda p\u00fchad Edwardi ja Alphonse\u2019iga \u2014 Jaapani animatsiooni ikooniliste vendadega!<br data-end=\"1207\" data-start=\"1204\" \/><br \/>\nIga p\u00e4ev ootavad sind kaardid, akr\u00fc\u00fclist alused, m\u00e4rgid, kleebised ja palju muud \u2014 t\u00f5eline alkeemiast pakatav j\u00f5uluelamus!<\/p>\n<p data-end=\"1381\" data-start=\"1331\">Ametlik t\u00e4ielikult illustreeritud advendikalender:<\/p>\n<ul data-end=\"1620\" data-start=\"1383\">\n<li data-end=\"1427\" data-start=\"1383\">\n<p data-end=\"1427\" data-start=\"1385\">Lame formaat: mugav m\u00fc\u00fca raamatupoodides<\/p>\n<\/li>\n<li data-end=\"1493\" data-start=\"1428\">\n<p data-end=\"1493\" data-start=\"1430\">Ikoniline saaga, mis \u00fchendab alkeemia ja p\u00f5nevusliku tegevuse<\/p>\n<\/li>\n<li data-end=\"1558\" data-start=\"1494\">\n<p data-end=\"1558\" data-start=\"1496\">25 eksklusiivset kingitust: kleebised, kaardid, magnetid jne<\/p>\n<\/li>\n<li data-end=\"1620\" data-start=\"1559\">\n<p data-end=\"1620\" data-start=\"1561\">Ilma kindla aastanumbrita: sobib kinkimiseks igal hooajal<\/p>\n<\/li>\n<\/ul>\n<p data-end=\"1640\" data-start=\"1622\">Suurus: 26 \u00d7 36 cm<\/p>\n","protected":false},"featured_media":308138,"comment_status":"open","ping_status":"closed","template":"","meta":{"_acf_changed":false},"product_cat":[1297],"product_tag":[],"giftcard-category":[],"class_list":{"0":"post-308133","1":"product","2":"type-product","3":"status-publish","4":"has-post-thumbnail","6":"product_cat-toys","7":"pa_brand-fullmetal-alchemist-en","8":"fpd-variation-needed","10":"first","11":"instock","12":"taxable","13":"shipping-taxable","14":"purchasable","15":"product-type-simple","16":"add-to-wishlist-before_image"},"acf":[],"yoast_head":"<!-- This site is optimized with the Yoast SEO plugin v23.9 - https:\/\/yoast.com\/wordpress\/plugins\/seo\/ -->\n<title>Fullmetal Alchemist Advent Calendar - Anix Shop<\/title>\n<meta name=\"description\" content=\"Veeda p\u00fchad Edwardi ja Alphonse\u2019iga \u2014 Jaapani animatsiooni ikooniliste vendadega! Iga p\u00e4ev ootavad sind kaardid, akr\u00fc\u00fclist alused, m\u00e4rgid, kleebised ja palju muud \u2014 t\u00f5eline alkeemiast pakatav j\u00f5uluelamus!  Ametlik t\u00e4ielikult illustreeritud advendikalender:     Lame formaat: mugav m\u00fc\u00fca raamatupoodides     Ikoniline saaga, mis \u00fchendab alkeemia ja p\u00f5nevusliku tegevuse     25 eksklusiivset kingitust: kleebised, kaardid, magnetid jne     Ilma kindla aastanumbrita: sobib kinkimiseks igal hooajal     Suurus: 26 \u00d7 36 cm\" \/>\n<meta name=\"robots\" content=\"index, follow, max-snippet:-1, max-image-preview:large, max-video-preview:-1\" \/>\n<link rel=\"canonical\" href=\"https:\/\/anix-shop.com\/en\/product\/fullmetal-alchemist-advent-calendar\/\" \/>\n<meta property=\"og:locale\" content=\"en_US\" \/>\n<meta property=\"og:type\" content=\"article\" \/>\n<meta property=\"og:title\" content=\"Fullmetal Alchemist Advent Calendar - Anix Shop\" \/>\n<meta property=\"og:description\" content=\"Veeda p\u00fchad Edwardi ja Alphonse\u2019iga \u2014 Jaapani animatsiooni ikooniliste vendadega! Iga p\u00e4ev ootavad sind kaardid, akr\u00fc\u00fclist alused, m\u00e4rgid, kleebised ja palju muud \u2014 t\u00f5eline alkeemiast pakatav j\u00f5uluelamus!  Ametlik t\u00e4ielikult illustreeritud advendikalender:     Lame formaat: mugav m\u00fc\u00fca raamatupoodides     Ikoniline saaga, mis \u00fchendab alkeemia ja p\u00f5nevusliku tegevuse     25 eksklusiivset kingitust: kleebised, kaardid, magnetid jne     Ilma kindla aastanumbrita: sobib kinkimiseks igal hooajal     Suurus: 26 \u00d7 36 cm\" \/>\n<meta property=\"og:url\" content=\"https:\/\/anix-shop.com\/en\/product\/fullmetal-alchemist-advent-calendar\/\" \/>\n<meta property=\"og:site_name\" content=\"Anix Shop\" \/>\n<meta property=\"article:publisher\" content=\"https:\/\/www.facebook.com\/anix.anime.shop\/\" \/>\n<meta property=\"article:modified_time\" content=\"2026-01-27T14:54:26+00:00\" \/>\n<meta property=\"og:image\" content=\"https:\/\/anix-shop.com\/wp-content\/uploads\/2025\/12\/photo-5855090046195665929-y-4.jpg\" \/>\n\t<meta property=\"og:image:width\" content=\"492\" \/>\n\t<meta property=\"og:image:height\" content=\"492\" \/>\n\t<meta property=\"og:image:type\" content=\"image\/jpeg\" \/>\n<meta name=\"twitter:card\" content=\"summary_large_image\" \/>\n<script type=\"application\/ld+json\" class=\"yoast-schema-graph\">{\"@context\":\"https:\/\/schema.org\",\"@graph\":[{\"@type\":[\"WebPage\",\"ItemPage\"],\"@id\":\"https:\/\/anix-shop.com\/en\/product\/fullmetal-alchemist-advent-calendar\/\",\"url\":\"https:\/\/anix-shop.com\/en\/product\/fullmetal-alchemist-advent-calendar\/\",\"name\":\"Fullmetal Alchemist Advent Calendar - Anix Shop\",\"isPartOf\":{\"@id\":\"https:\/\/anix-shop.com\/en\/#website\"},\"primaryImageOfPage\":{\"@id\":\"https:\/\/anix-shop.com\/en\/product\/fullmetal-alchemist-advent-calendar\/#primaryimage\"},\"image\":{\"@id\":\"https:\/\/anix-shop.com\/en\/product\/fullmetal-alchemist-advent-calendar\/#primaryimage\"},\"thumbnailUrl\":\"https:\/\/anix-shop.com\/wp-content\/uploads\/2025\/12\/photo-5855090046195665929-y-4.jpg\",\"datePublished\":\"2025-12-03T13:26:31+00:00\",\"dateModified\":\"2026-01-27T14:54:26+00:00\",\"description\":\"Veeda p\u00fchad Edwardi ja Alphonse\u2019iga \u2014 Jaapani animatsiooni ikooniliste vendadega! Iga p\u00e4ev ootavad sind kaardid, akr\u00fc\u00fclist alused, m\u00e4rgid, kleebised ja palju muud \u2014 t\u00f5eline alkeemiast pakatav j\u00f5uluelamus! Ametlik t\u00e4ielikult illustreeritud advendikalender: Lame formaat: mugav m\u00fc\u00fca raamatupoodides Ikoniline saaga, mis \u00fchendab alkeemia ja p\u00f5nevusliku tegevuse 25 eksklusiivset kingitust: kleebised, kaardid, magnetid jne Ilma kindla aastanumbrita: sobib kinkimiseks igal hooajal Suurus: 26 \u00d7 36 cm\",\"breadcrumb\":{\"@id\":\"https:\/\/anix-shop.com\/en\/product\/fullmetal-alchemist-advent-calendar\/#breadcrumb\"},\"inLanguage\":\"en-US\",\"potentialAction\":[{\"@type\":\"ReadAction\",\"target\":[\"https:\/\/anix-shop.com\/en\/product\/fullmetal-alchemist-advent-calendar\/\"]}]},{\"@type\":\"ImageObject\",\"inLanguage\":\"en-US\",\"@id\":\"https:\/\/anix-shop.com\/en\/product\/fullmetal-alchemist-advent-calendar\/#primaryimage\",\"url\":\"https:\/\/anix-shop.com\/wp-content\/uploads\/2025\/12\/photo-5855090046195665929-y-4.jpg\",\"contentUrl\":\"https:\/\/anix-shop.com\/wp-content\/uploads\/2025\/12\/photo-5855090046195665929-y-4.jpg\",\"width\":492,\"height\":492},{\"@type\":\"BreadcrumbList\",\"@id\":\"https:\/\/anix-shop.com\/en\/product\/fullmetal-alchemist-advent-calendar\/#breadcrumb\",\"itemListElement\":[{\"@type\":\"ListItem\",\"position\":1,\"name\":\"Esileht\",\"item\":\"https:\/\/anix-shop.com\/en\/\"},{\"@type\":\"ListItem\",\"position\":2,\"name\":\"Shop\",\"item\":\"https:\/\/anix-shop.com\/en\/shop\/\"},{\"@type\":\"ListItem\",\"position\":3,\"name\":\"Fullmetal Alchemist Advent Calendar\"}]},{\"@type\":\"WebSite\",\"@id\":\"https:\/\/anix-shop.com\/en\/#website\",\"url\":\"https:\/\/anix-shop.com\/en\/\",\"name\":\"Anix Shop\",\"description\":\"\u041f\u0440\u043e\u0441\u0442\u043e \u0435\u0449\u0435 \u043e\u0434\u0438\u043d WordPress \u0441\u0430\u0439\u0442\",\"publisher\":{\"@id\":\"https:\/\/anix-shop.com\/en\/#organization\"},\"potentialAction\":[{\"@type\":\"SearchAction\",\"target\":{\"@type\":\"EntryPoint\",\"urlTemplate\":\"https:\/\/anix-shop.com\/en\/?s={search_term_string}\"},\"query-input\":{\"@type\":\"PropertyValueSpecification\",\"valueRequired\":true,\"valueName\":\"search_term_string\"}}],\"inLanguage\":\"en-US\"},{\"@type\":\"Organization\",\"@id\":\"https:\/\/anix-shop.com\/en\/#organization\",\"name\":\"Anix Shop\",\"url\":\"https:\/\/anix-shop.com\/en\/\",\"logo\":{\"@type\":\"ImageObject\",\"inLanguage\":\"en-US\",\"@id\":\"https:\/\/anix-shop.com\/en\/#\/schema\/logo\/image\/\",\"url\":\"https:\/\/anix-shop.com\/wp-content\/uploads\/2023\/06\/logo-310px-1.png\",\"contentUrl\":\"https:\/\/anix-shop.com\/wp-content\/uploads\/2023\/06\/logo-310px-1.png\",\"width\":183,\"height\":76,\"caption\":\"Anix Shop\"},\"image\":{\"@id\":\"https:\/\/anix-shop.com\/en\/#\/schema\/logo\/image\/\"},\"sameAs\":[\"https:\/\/www.facebook.com\/anix.anime.shop\/\",\"https:\/\/www.instagram.com\/anix.estonia\/\",\"https:\/\/www.youtube.com\/channel\/UCeh2GV4OEgp994RU93t7rbw\",\"https:\/\/vk.com\/anixproject\"]}]}<\/script>\n<!-- \/ Yoast SEO plugin. -->","yoast_head_json":{"title":"Fullmetal Alchemist Advent Calendar - Anix Shop","description":"Veeda p\u00fchad Edwardi ja Alphonse\u2019iga \u2014 Jaapani animatsiooni ikooniliste vendadega! Iga p\u00e4ev ootavad sind kaardid, akr\u00fc\u00fclist alused, m\u00e4rgid, kleebised ja palju muud \u2014 t\u00f5eline alkeemiast pakatav j\u00f5uluelamus!  Ametlik t\u00e4ielikult illustreeritud advendikalender:     Lame formaat: mugav m\u00fc\u00fca raamatupoodides     Ikoniline saaga, mis \u00fchendab alkeemia ja p\u00f5nevusliku tegevuse     25 eksklusiivset kingitust: kleebised, kaardid, magnetid jne     Ilma kindla aastanumbrita: sobib kinkimiseks igal hooajal     Suurus: 26 \u00d7 36 cm","robots":{"index":"index","follow":"follow","max-snippet":"max-snippet:-1","max-image-preview":"max-image-preview:large","max-video-preview":"max-video-preview:-1"},"canonical":"https:\/\/anix-shop.com\/en\/product\/fullmetal-alchemist-advent-calendar\/","og_locale":"en_US","og_type":"article","og_title":"Fullmetal Alchemist Advent Calendar - Anix Shop","og_description":"Veeda p\u00fchad Edwardi ja Alphonse\u2019iga \u2014 Jaapani animatsiooni ikooniliste vendadega! Iga p\u00e4ev ootavad sind kaardid, akr\u00fc\u00fclist alused, m\u00e4rgid, kleebised ja palju muud \u2014 t\u00f5eline alkeemiast pakatav j\u00f5uluelamus!  Ametlik t\u00e4ielikult illustreeritud advendikalender:     Lame formaat: mugav m\u00fc\u00fca raamatupoodides     Ikoniline saaga, mis \u00fchendab alkeemia ja p\u00f5nevusliku tegevuse     25 eksklusiivset kingitust: kleebised, kaardid, magnetid jne     Ilma kindla aastanumbrita: sobib kinkimiseks igal hooajal     Suurus: 26 \u00d7 36 cm","og_url":"https:\/\/anix-shop.com\/en\/product\/fullmetal-alchemist-advent-calendar\/","og_site_name":"Anix Shop","article_publisher":"https:\/\/www.facebook.com\/anix.anime.shop\/","article_modified_time":"2026-01-27T14:54:26+00:00","og_image":[{"width":492,"height":492,"url":"https:\/\/anix-shop.com\/wp-content\/uploads\/2025\/12\/photo-5855090046195665929-y-4.jpg","type":"image\/jpeg"}],"twitter_card":"summary_large_image","schema":{"@context":"https:\/\/schema.org","@graph":[{"@type":["WebPage","ItemPage"],"@id":"https:\/\/anix-shop.com\/en\/product\/fullmetal-alchemist-advent-calendar\/","url":"https:\/\/anix-shop.com\/en\/product\/fullmetal-alchemist-advent-calendar\/","name":"Fullmetal Alchemist Advent Calendar - Anix Shop","isPartOf":{"@id":"https:\/\/anix-shop.com\/en\/#website"},"primaryImageOfPage":{"@id":"https:\/\/anix-shop.com\/en\/product\/fullmetal-alchemist-advent-calendar\/#primaryimage"},"image":{"@id":"https:\/\/anix-shop.com\/en\/product\/fullmetal-alchemist-advent-calendar\/#primaryimage"},"thumbnailUrl":"https:\/\/anix-shop.com\/wp-content\/uploads\/2025\/12\/photo-5855090046195665929-y-4.jpg","datePublished":"2025-12-03T13:26:31+00:00","dateModified":"2026-01-27T14:54:26+00:00","description":"Veeda p\u00fchad Edwardi ja Alphonse\u2019iga \u2014 Jaapani animatsiooni ikooniliste vendadega! Iga p\u00e4ev ootavad sind kaardid, akr\u00fc\u00fclist alused, m\u00e4rgid, kleebised ja palju muud \u2014 t\u00f5eline alkeemiast pakatav j\u00f5uluelamus! Ametlik t\u00e4ielikult illustreeritud advendikalender: Lame formaat: mugav m\u00fc\u00fca raamatupoodides Ikoniline saaga, mis \u00fchendab alkeemia ja p\u00f5nevusliku tegevuse 25 eksklusiivset kingitust: kleebised, kaardid, magnetid jne Ilma kindla aastanumbrita: sobib kinkimiseks igal hooajal Suurus: 26 \u00d7 36 cm","breadcrumb":{"@id":"https:\/\/anix-shop.com\/en\/product\/fullmetal-alchemist-advent-calendar\/#breadcrumb"},"inLanguage":"en-US","potentialAction":[{"@type":"ReadAction","target":["https:\/\/anix-shop.com\/en\/product\/fullmetal-alchemist-advent-calendar\/"]}]},{"@type":"ImageObject","inLanguage":"en-US","@id":"https:\/\/anix-shop.com\/en\/product\/fullmetal-alchemist-advent-calendar\/#primaryimage","url":"https:\/\/anix-shop.com\/wp-content\/uploads\/2025\/12\/photo-5855090046195665929-y-4.jpg","contentUrl":"https:\/\/anix-shop.com\/wp-content\/uploads\/2025\/12\/photo-5855090046195665929-y-4.jpg","width":492,"height":492},{"@type":"BreadcrumbList","@id":"https:\/\/anix-shop.com\/en\/product\/fullmetal-alchemist-advent-calendar\/#breadcrumb","itemListElement":[{"@type":"ListItem","position":1,"name":"Esileht","item":"https:\/\/anix-shop.com\/en\/"},{"@type":"ListItem","position":2,"name":"Shop","item":"https:\/\/anix-shop.com\/en\/shop\/"},{"@type":"ListItem","position":3,"name":"Fullmetal Alchemist Advent Calendar"}]},{"@type":"WebSite","@id":"https:\/\/anix-shop.com\/en\/#website","url":"https:\/\/anix-shop.com\/en\/","name":"Anix Shop","description":"\u041f\u0440\u043e\u0441\u0442\u043e \u0435\u0449\u0435 \u043e\u0434\u0438\u043d WordPress \u0441\u0430\u0439\u0442","publisher":{"@id":"https:\/\/anix-shop.com\/en\/#organization"},"potentialAction":[{"@type":"SearchAction","target":{"@type":"EntryPoint","urlTemplate":"https:\/\/anix-shop.com\/en\/?s={search_term_string}"},"query-input":{"@type":"PropertyValueSpecification","valueRequired":true,"valueName":"search_term_string"}}],"inLanguage":"en-US"},{"@type":"Organization","@id":"https:\/\/anix-shop.com\/en\/#organization","name":"Anix Shop","url":"https:\/\/anix-shop.com\/en\/","logo":{"@type":"ImageObject","inLanguage":"en-US","@id":"https:\/\/anix-shop.com\/en\/#\/schema\/logo\/image\/","url":"https:\/\/anix-shop.com\/wp-content\/uploads\/2023\/06\/logo-310px-1.png","contentUrl":"https:\/\/anix-shop.com\/wp-content\/uploads\/2023\/06\/logo-310px-1.png","width":183,"height":76,"caption":"Anix Shop"},"image":{"@id":"https:\/\/anix-shop.com\/en\/#\/schema\/logo\/image\/"},"sameAs":["https:\/\/www.facebook.com\/anix.anime.shop\/","https:\/\/www.instagram.com\/anix.estonia\/","https:\/\/www.youtube.com\/channel\/UCeh2GV4OEgp994RU93t7rbw","https:\/\/vk.com\/anixproject"]}]}},"_links":{"self":[{"href":"https:\/\/anix-shop.com\/en\/wp-json\/wp\/v2\/product\/308133","targetHints":{"allow":["GET"]}}],"collection":[{"href":"https:\/\/anix-shop.com\/en\/wp-json\/wp\/v2\/product"}],"about":[{"href":"https:\/\/anix-shop.com\/en\/wp-json\/wp\/v2\/types\/product"}],"replies":[{"embeddable":true,"href":"https:\/\/anix-shop.com\/en\/wp-json\/wp\/v2\/comments?post=308133"}],"version-history":[{"count":1,"href":"https:\/\/anix-shop.com\/en\/wp-json\/wp\/v2\/product\/308133\/revisions"}],"predecessor-version":[{"id":308136,"href":"https:\/\/anix-shop.com\/en\/wp-json\/wp\/v2\/product\/308133\/revisions\/308136"}],"wp:featuredmedia":[{"embeddable":true,"href":"https:\/\/anix-shop.com\/en\/wp-json\/wp\/v2\/media\/308138"}],"wp:attachment":[{"href":"https:\/\/anix-shop.com\/en\/wp-json\/wp\/v2\/media?parent=308133"}],"wp:term":[{"taxonomy":"product_cat","embeddable":true,"href":"https:\/\/anix-shop.com\/en\/wp-json\/wp\/v2\/product_cat?post=308133"},{"taxonomy":"product_tag","embeddable":true,"href":"https:\/\/anix-shop.com\/en\/wp-json\/wp\/v2\/product_tag?post=308133"},{"taxonomy":"giftcard-category","embeddable":true,"href":"https:\/\/anix-shop.com\/en\/wp-json\/wp\/v2\/giftcard-category?post=308133"}],"curies":[{"name":"wp","href":"https:\/\/api.w.org\/{rel}","templated":true}]}}