{"id":275532,"date":"2025-01-31T08:47:43","date_gmt":"2025-01-31T08:47:43","guid":{"rendered":"https:\/\/anix-shop.com\/?post_type=product&#038;p=275532"},"modified":"2025-11-17T00:00:15","modified_gmt":"2025-11-17T00:00:15","slug":"mini-acrylic-figure-pokemon-blastoise","status":"publish","type":"product","link":"https:\/\/anix-shop.com\/en\/product\/mini-acrylic-figure-pokemon-blastoise\/","title":{"rendered":"Mini Acrylic Figure Pokemon, Blastoise"},"content":{"rendered":"<p>A stylish and cool accessory for fans of the Pok\u00e9mon series. This mini acrylic figure features the powerful Pok\u00e9mon Blastoise in an iconic pose. Perfect for decorating your desk, bookshelf, or as a unique gift for Pok\u00e9mon fans.<\/p>\n","protected":false},"excerpt":{"rendered":"<ul>\n<li>not recommended for children under 4 years old<\/li>\n<li>the surface protective film can be tear off<\/li>\n<li>do not soak in the water for a long time<\/li>\n<li>do not scratch the surface with sharp objects<\/li>\n<\/ul>\n","protected":false},"featured_media":275537,"comment_status":"open","ping_status":"closed","template":"","meta":{"_acf_changed":false},"product_cat":[1300],"product_tag":[],"giftcard-category":[],"class_list":{"0":"post-275532","1":"product","2":"type-product","3":"status-publish","4":"has-post-thumbnail","6":"product_cat-acrylfigures","7":"pa_brand-pokemon-en","8":"fpd-variation-needed","10":"first","11":"instock","12":"taxable","13":"shipping-taxable","14":"purchasable","15":"product-type-simple","16":"add-to-wishlist-before_image"},"acf":[],"yoast_head":"<!-- This site is optimized with the Yoast SEO plugin v23.9 - https:\/\/yoast.com\/wordpress\/plugins\/seo\/ -->\n<title>Mini Acrylic Figure Pokemon, Blastoise - Anix Shop<\/title>\n<meta name=\"description\" content=\"not recommended for children under 4 years old  the surface protective film can be tear off  do not soak in the water for a long time  do not scratch the surface with sharp objects\" \/>\n<meta name=\"robots\" content=\"index, follow, max-snippet:-1, max-image-preview:large, max-video-preview:-1\" \/>\n<link rel=\"canonical\" href=\"https:\/\/anix-shop.com\/en\/product\/mini-acrylic-figure-pokemon-blastoise\/\" \/>\n<meta property=\"og:locale\" content=\"en_US\" \/>\n<meta property=\"og:type\" content=\"article\" \/>\n<meta property=\"og:title\" content=\"Mini Acrylic Figure Pokemon, Blastoise - Anix Shop\" \/>\n<meta property=\"og:description\" content=\"not recommended for children under 4 years old  the surface protective film can be tear off  do not soak in the water for a long time  do not scratch the surface with sharp objects\" \/>\n<meta property=\"og:url\" content=\"https:\/\/anix-shop.com\/en\/product\/mini-acrylic-figure-pokemon-blastoise\/\" \/>\n<meta property=\"og:site_name\" content=\"Anix Shop\" \/>\n<meta property=\"article:publisher\" content=\"https:\/\/www.facebook.com\/anix.anime.shop\/\" \/>\n<meta property=\"article:modified_time\" content=\"2025-11-17T00:00:15+00:00\" \/>\n<meta name=\"twitter:card\" content=\"summary_large_image\" \/>\n<script type=\"application\/ld+json\" class=\"yoast-schema-graph\">{\"@context\":\"https:\/\/schema.org\",\"@graph\":[{\"@type\":[\"WebPage\",\"ItemPage\"],\"@id\":\"https:\/\/anix-shop.com\/en\/product\/mini-acrylic-figure-pokemon-blastoise\/\",\"url\":\"https:\/\/anix-shop.com\/en\/product\/mini-acrylic-figure-pokemon-blastoise\/\",\"name\":\"Mini Acrylic Figure Pokemon, Blastoise - Anix Shop\",\"isPartOf\":{\"@id\":\"https:\/\/anix-shop.com\/en\/#website\"},\"primaryImageOfPage\":{\"@id\":\"https:\/\/anix-shop.com\/en\/product\/mini-acrylic-figure-pokemon-blastoise\/#primaryimage\"},\"image\":{\"@id\":\"https:\/\/anix-shop.com\/en\/product\/mini-acrylic-figure-pokemon-blastoise\/#primaryimage\"},\"thumbnailUrl\":\"https:\/\/anix-shop.com\/wp-content\/uploads\/2025\/01\/17444_679c8e0b7d9953.jpg\",\"datePublished\":\"2025-01-31T08:47:43+00:00\",\"dateModified\":\"2025-11-17T00:00:15+00:00\",\"description\":\"not recommended for children under 4 years old the surface protective film can be tear off do not soak in the water for a long time do not scratch the surface with sharp objects\",\"breadcrumb\":{\"@id\":\"https:\/\/anix-shop.com\/en\/product\/mini-acrylic-figure-pokemon-blastoise\/#breadcrumb\"},\"inLanguage\":\"en-US\",\"potentialAction\":[{\"@type\":\"ReadAction\",\"target\":[\"https:\/\/anix-shop.com\/en\/product\/mini-acrylic-figure-pokemon-blastoise\/\"]}]},{\"@type\":\"ImageObject\",\"inLanguage\":\"en-US\",\"@id\":\"https:\/\/anix-shop.com\/en\/product\/mini-acrylic-figure-pokemon-blastoise\/#primaryimage\",\"url\":\"https:\/\/anix-shop.com\/wp-content\/uploads\/2025\/01\/17444_679c8e0b7d9953.jpg\",\"contentUrl\":\"https:\/\/anix-shop.com\/wp-content\/uploads\/2025\/01\/17444_679c8e0b7d9953.jpg\",\"width\":492,\"height\":492},{\"@type\":\"BreadcrumbList\",\"@id\":\"https:\/\/anix-shop.com\/en\/product\/mini-acrylic-figure-pokemon-blastoise\/#breadcrumb\",\"itemListElement\":[{\"@type\":\"ListItem\",\"position\":1,\"name\":\"Esileht\",\"item\":\"https:\/\/anix-shop.com\/en\/\"},{\"@type\":\"ListItem\",\"position\":2,\"name\":\"Shop\",\"item\":\"https:\/\/anix-shop.com\/en\/shop\/\"},{\"@type\":\"ListItem\",\"position\":3,\"name\":\"Mini Acrylic Figure Pokemon, Blastoise\"}]},{\"@type\":\"WebSite\",\"@id\":\"https:\/\/anix-shop.com\/en\/#website\",\"url\":\"https:\/\/anix-shop.com\/en\/\",\"name\":\"Anix Shop\",\"description\":\"\u041f\u0440\u043e\u0441\u0442\u043e \u0435\u0449\u0435 \u043e\u0434\u0438\u043d WordPress \u0441\u0430\u0439\u0442\",\"publisher\":{\"@id\":\"https:\/\/anix-shop.com\/en\/#organization\"},\"potentialAction\":[{\"@type\":\"SearchAction\",\"target\":{\"@type\":\"EntryPoint\",\"urlTemplate\":\"https:\/\/anix-shop.com\/en\/?s={search_term_string}\"},\"query-input\":{\"@type\":\"PropertyValueSpecification\",\"valueRequired\":true,\"valueName\":\"search_term_string\"}}],\"inLanguage\":\"en-US\"},{\"@type\":\"Organization\",\"@id\":\"https:\/\/anix-shop.com\/en\/#organization\",\"name\":\"Anix Shop\",\"url\":\"https:\/\/anix-shop.com\/en\/\",\"logo\":{\"@type\":\"ImageObject\",\"inLanguage\":\"en-US\",\"@id\":\"https:\/\/anix-shop.com\/en\/#\/schema\/logo\/image\/\",\"url\":\"https:\/\/anix-shop.com\/wp-content\/uploads\/2023\/06\/logo-310px-1.png\",\"contentUrl\":\"https:\/\/anix-shop.com\/wp-content\/uploads\/2023\/06\/logo-310px-1.png\",\"width\":183,\"height\":76,\"caption\":\"Anix Shop\"},\"image\":{\"@id\":\"https:\/\/anix-shop.com\/en\/#\/schema\/logo\/image\/\"},\"sameAs\":[\"https:\/\/www.facebook.com\/anix.anime.shop\/\",\"https:\/\/www.instagram.com\/anix.estonia\/\",\"https:\/\/www.youtube.com\/channel\/UCeh2GV4OEgp994RU93t7rbw\",\"https:\/\/vk.com\/anixproject\"]}]}<\/script>\n<!-- \/ Yoast SEO plugin. -->","yoast_head_json":{"title":"Mini Acrylic Figure Pokemon, Blastoise - Anix Shop","description":"not recommended for children under 4 years old  the surface protective film can be tear off  do not soak in the water for a long time  do not scratch the surface with sharp objects","robots":{"index":"index","follow":"follow","max-snippet":"max-snippet:-1","max-image-preview":"max-image-preview:large","max-video-preview":"max-video-preview:-1"},"canonical":"https:\/\/anix-shop.com\/en\/product\/mini-acrylic-figure-pokemon-blastoise\/","og_locale":"en_US","og_type":"article","og_title":"Mini Acrylic Figure Pokemon, Blastoise - Anix Shop","og_description":"not recommended for children under 4 years old  the surface protective film can be tear off  do not soak in the water for a long time  do not scratch the surface with sharp objects","og_url":"https:\/\/anix-shop.com\/en\/product\/mini-acrylic-figure-pokemon-blastoise\/","og_site_name":"Anix Shop","article_publisher":"https:\/\/www.facebook.com\/anix.anime.shop\/","article_modified_time":"2025-11-17T00:00:15+00:00","twitter_card":"summary_large_image","schema":{"@context":"https:\/\/schema.org","@graph":[{"@type":["WebPage","ItemPage"],"@id":"https:\/\/anix-shop.com\/en\/product\/mini-acrylic-figure-pokemon-blastoise\/","url":"https:\/\/anix-shop.com\/en\/product\/mini-acrylic-figure-pokemon-blastoise\/","name":"Mini Acrylic Figure Pokemon, Blastoise - Anix Shop","isPartOf":{"@id":"https:\/\/anix-shop.com\/en\/#website"},"primaryImageOfPage":{"@id":"https:\/\/anix-shop.com\/en\/product\/mini-acrylic-figure-pokemon-blastoise\/#primaryimage"},"image":{"@id":"https:\/\/anix-shop.com\/en\/product\/mini-acrylic-figure-pokemon-blastoise\/#primaryimage"},"thumbnailUrl":"https:\/\/anix-shop.com\/wp-content\/uploads\/2025\/01\/17444_679c8e0b7d9953.jpg","datePublished":"2025-01-31T08:47:43+00:00","dateModified":"2025-11-17T00:00:15+00:00","description":"not recommended for children under 4 years old the surface protective film can be tear off do not soak in the water for a long time do not scratch the surface with sharp objects","breadcrumb":{"@id":"https:\/\/anix-shop.com\/en\/product\/mini-acrylic-figure-pokemon-blastoise\/#breadcrumb"},"inLanguage":"en-US","potentialAction":[{"@type":"ReadAction","target":["https:\/\/anix-shop.com\/en\/product\/mini-acrylic-figure-pokemon-blastoise\/"]}]},{"@type":"ImageObject","inLanguage":"en-US","@id":"https:\/\/anix-shop.com\/en\/product\/mini-acrylic-figure-pokemon-blastoise\/#primaryimage","url":"https:\/\/anix-shop.com\/wp-content\/uploads\/2025\/01\/17444_679c8e0b7d9953.jpg","contentUrl":"https:\/\/anix-shop.com\/wp-content\/uploads\/2025\/01\/17444_679c8e0b7d9953.jpg","width":492,"height":492},{"@type":"BreadcrumbList","@id":"https:\/\/anix-shop.com\/en\/product\/mini-acrylic-figure-pokemon-blastoise\/#breadcrumb","itemListElement":[{"@type":"ListItem","position":1,"name":"Esileht","item":"https:\/\/anix-shop.com\/en\/"},{"@type":"ListItem","position":2,"name":"Shop","item":"https:\/\/anix-shop.com\/en\/shop\/"},{"@type":"ListItem","position":3,"name":"Mini Acrylic Figure Pokemon, Blastoise"}]},{"@type":"WebSite","@id":"https:\/\/anix-shop.com\/en\/#website","url":"https:\/\/anix-shop.com\/en\/","name":"Anix Shop","description":"\u041f\u0440\u043e\u0441\u0442\u043e \u0435\u0449\u0435 \u043e\u0434\u0438\u043d WordPress \u0441\u0430\u0439\u0442","publisher":{"@id":"https:\/\/anix-shop.com\/en\/#organization"},"potentialAction":[{"@type":"SearchAction","target":{"@type":"EntryPoint","urlTemplate":"https:\/\/anix-shop.com\/en\/?s={search_term_string}"},"query-input":{"@type":"PropertyValueSpecification","valueRequired":true,"valueName":"search_term_string"}}],"inLanguage":"en-US"},{"@type":"Organization","@id":"https:\/\/anix-shop.com\/en\/#organization","name":"Anix Shop","url":"https:\/\/anix-shop.com\/en\/","logo":{"@type":"ImageObject","inLanguage":"en-US","@id":"https:\/\/anix-shop.com\/en\/#\/schema\/logo\/image\/","url":"https:\/\/anix-shop.com\/wp-content\/uploads\/2023\/06\/logo-310px-1.png","contentUrl":"https:\/\/anix-shop.com\/wp-content\/uploads\/2023\/06\/logo-310px-1.png","width":183,"height":76,"caption":"Anix Shop"},"image":{"@id":"https:\/\/anix-shop.com\/en\/#\/schema\/logo\/image\/"},"sameAs":["https:\/\/www.facebook.com\/anix.anime.shop\/","https:\/\/www.instagram.com\/anix.estonia\/","https:\/\/www.youtube.com\/channel\/UCeh2GV4OEgp994RU93t7rbw","https:\/\/vk.com\/anixproject"]}]}},"_links":{"self":[{"href":"https:\/\/anix-shop.com\/en\/wp-json\/wp\/v2\/product\/275532","targetHints":{"allow":["GET"]}}],"collection":[{"href":"https:\/\/anix-shop.com\/en\/wp-json\/wp\/v2\/product"}],"about":[{"href":"https:\/\/anix-shop.com\/en\/wp-json\/wp\/v2\/types\/product"}],"replies":[{"embeddable":true,"href":"https:\/\/anix-shop.com\/en\/wp-json\/wp\/v2\/comments?post=275532"}],"version-history":[{"count":1,"href":"https:\/\/anix-shop.com\/en\/wp-json\/wp\/v2\/product\/275532\/revisions"}],"predecessor-version":[{"id":275535,"href":"https:\/\/anix-shop.com\/en\/wp-json\/wp\/v2\/product\/275532\/revisions\/275535"}],"wp:featuredmedia":[{"embeddable":true,"href":"https:\/\/anix-shop.com\/en\/wp-json\/wp\/v2\/media\/275537"}],"wp:attachment":[{"href":"https:\/\/anix-shop.com\/en\/wp-json\/wp\/v2\/media?parent=275532"}],"wp:term":[{"taxonomy":"product_cat","embeddable":true,"href":"https:\/\/anix-shop.com\/en\/wp-json\/wp\/v2\/product_cat?post=275532"},{"taxonomy":"product_tag","embeddable":true,"href":"https:\/\/anix-shop.com\/en\/wp-json\/wp\/v2\/product_tag?post=275532"},{"taxonomy":"giftcard-category","embeddable":true,"href":"https:\/\/anix-shop.com\/en\/wp-json\/wp\/v2\/giftcard-category?post=275532"}],"curies":[{"name":"wp","href":"https:\/\/api.w.org\/{rel}","templated":true}]}}